{"id":178,"date":"2025-08-14T17:52:55","date_gmt":"2025-08-14T15:52:55","guid":{"rendered":"https:\/\/icarrouseljp.fr\/?page_id=178"},"modified":"2025-09-14T22:23:01","modified_gmt":"2025-09-14T20:23:01","slug":"chroniques","status":"publish","type":"page","link":"https:\/\/icarrouseljp.fr\/index.php\/chroniques\/","title":{"rendered":"Chroniques"},"content":{"rendered":"\n<hr class=\"wp-block-separator has-alpha-channel-opacity\"\/>\n\n\n\n<p class=\"has-text-align-center is-style-text-annotation has-contrast-color has-text-color has-background has-link-color has-large-font-size wp-elements-71ae5b98c72b81a31dec132d597439f2 is-style-text-annotation--1\" style=\"background-color:#fff4e3\">Liste chronologique des diaporamas publi\u00e9s<br> <em>(les titres sont les liens d&rsquo;acc\u00e8s)<\/em><\/p>\n\n\n\n<hr class=\"wp-block-separator has-alpha-channel-opacity\"\/>\n\n\n\n<div class=\"wp-block-query has-global-padding is-layout-constrained wp-block-query-is-layout-constrained\"><ul class=\"wp-block-post-template is-layout-flow wp-block-post-template-is-layout-flow\"><li class=\"wp-block-post post-1476 post type-post status-publish format-standard has-post-thumbnail hentry category-chronique category-diapo tag-annee\">\n\n<div class=\"wp-block-group is-style-section-4 has-large-font-size is-horizontal is-content-justification-space-between is-layout-flex wp-container-core-group-is-layout-f7107250 wp-block-group-is-layout-flex is-style-section-4--2\"><h2 style=\"text-decoration:line-through;\" class=\"has-link-color wp-elements-01eab14ce3bad0832c8daa6d2361753b wp-block-post-title has-large-font-size wp-container-content-9cfa9a5a\"><a href=\"https:\/\/icarrouseljp.fr\/index.php\/diapo\/voeux-2026\/\" target=\"_self\" >V\u0153ux 2026<\/a><\/h2>\n\n<div class=\"has-text-align-left wp-block-post-excerpt has-medium-font-size\"><p class=\"wp-block-post-excerpt__excerpt\">V\u0153ux illustr\u00e9s de photos de l&rsquo;ann\u00e9e \u00e9coul\u00e9e (2&rsquo;57) <\/p><\/div>\n\n<div class=\"wp-block-post-date\"><time datetime=\"2026-01-01T07:00:00+01:00\">1 janvier 2026<\/time><\/div><\/div>\n\n<\/li><li class=\"wp-block-post post-237 post type-post status-publish format-standard has-post-thumbnail hentry category-chronique category-diapo tag-annee\">\n\n<div class=\"wp-block-group is-style-section-4 has-large-font-size is-horizontal is-content-justification-space-between is-layout-flex wp-container-core-group-is-layout-f7107250 wp-block-group-is-layout-flex is-style-section-4--3\"><h2 style=\"text-decoration:line-through;\" class=\"has-link-color wp-elements-01eab14ce3bad0832c8daa6d2361753b wp-block-post-title has-large-font-size wp-container-content-9cfa9a5a\"><a href=\"https:\/\/icarrouseljp.fr\/index.php\/diapo\/voeux-2025\/\" target=\"_self\" >Voeux 2025<\/a><\/h2>\n\n<div class=\"has-text-align-left wp-block-post-excerpt has-medium-font-size\"><p class=\"wp-block-post-excerpt__excerpt\">V\u0153ux illustr\u00e9s de photos de l&rsquo;ann\u00e9e \u00e9coul\u00e9e <\/p><\/div>\n\n<div class=\"wp-block-post-date\"><time datetime=\"2025-01-01T00:00:00+01:00\">1 janvier 2025<\/time><\/div><\/div>\n\n<\/li><li class=\"wp-block-post post-318 post type-post status-publish format-standard has-post-thumbnail hentry category-chronique category-diapo tag-annee\">\n\n<div class=\"wp-block-group is-style-section-4 has-large-font-size is-horizontal is-content-justification-space-between is-layout-flex wp-container-core-group-is-layout-f7107250 wp-block-group-is-layout-flex is-style-section-4--4\"><h2 style=\"text-decoration:line-through;\" class=\"has-link-color wp-elements-01eab14ce3bad0832c8daa6d2361753b wp-block-post-title has-large-font-size wp-container-content-9cfa9a5a\"><a href=\"https:\/\/icarrouseljp.fr\/index.php\/diapo\/voeux-2024\/\" target=\"_self\" >Voeux 2024<\/a><\/h2>\n\n<div class=\"has-text-align-left wp-block-post-excerpt has-medium-font-size\"><p class=\"wp-block-post-excerpt__excerpt\">V\u0153ux illustr\u00e9s de photos de l&rsquo;ann\u00e9e \u00e9coul\u00e9e <\/p><\/div>\n\n<div class=\"wp-block-post-date\"><time datetime=\"2024-01-01T00:00:00+01:00\">1 janvier 2024<\/time><\/div><\/div>\n\n<\/li><li class=\"wp-block-post post-404 post type-post status-publish format-standard has-post-thumbnail hentry category-chronique category-diapo tag-annee tag-societe\">\n\n<div class=\"wp-block-group is-style-section-4 has-large-font-size is-horizontal is-content-justification-space-between is-layout-flex wp-container-core-group-is-layout-f7107250 wp-block-group-is-layout-flex is-style-section-4--5\"><h2 style=\"text-decoration:line-through;\" class=\"has-link-color wp-elements-01eab14ce3bad0832c8daa6d2361753b wp-block-post-title has-large-font-size wp-container-content-9cfa9a5a\"><a href=\"https:\/\/icarrouseljp.fr\/index.php\/diapo\/un-monde-davant\/\" target=\"_self\" >Un monde d&rsquo;avant<\/a><\/h2>\n\n<div class=\"has-text-align-left wp-block-post-excerpt has-medium-font-size\"><p class=\"wp-block-post-excerpt__excerpt\">Le deuil du travail manuel disparu avec les ans. <\/p><\/div>\n\n<div class=\"wp-block-post-date\"><time datetime=\"2023-08-18T00:00:00+02:00\">18 ao\u00fbt 2023<\/time><\/div><\/div>\n\n<\/li><li class=\"wp-block-post post-777 post type-post status-publish format-standard has-post-thumbnail hentry category-chronique category-diapo tag-annee\">\n\n<div class=\"wp-block-group is-style-section-4 has-large-font-size is-horizontal is-content-justification-space-between is-layout-flex wp-container-core-group-is-layout-f7107250 wp-block-group-is-layout-flex is-style-section-4--6\"><h2 style=\"text-decoration:line-through;\" class=\"has-link-color wp-elements-01eab14ce3bad0832c8daa6d2361753b wp-block-post-title has-large-font-size wp-container-content-9cfa9a5a\"><a href=\"https:\/\/icarrouseljp.fr\/index.php\/diapo\/voeux-2023\/\" target=\"_self\" >Voeux 2023<\/a><\/h2>\n\n<div class=\"has-text-align-left wp-block-post-excerpt has-medium-font-size\"><p class=\"wp-block-post-excerpt__excerpt\">Mes voeux 2023 illustr\u00e9s de photos de l&rsquo;ann\u00e9e \u00e9coul\u00e9e <\/p><\/div>\n\n<div class=\"wp-block-post-date\"><time datetime=\"2023-01-01T00:00:00+01:00\">1 janvier 2023<\/time><\/div><\/div>\n\n<\/li><li class=\"wp-block-post post-848 post type-post status-publish format-standard has-post-thumbnail hentry category-chronique category-diapo tag-annee\">\n\n<div class=\"wp-block-group is-style-section-4 has-large-font-size is-horizontal is-content-justification-space-between is-layout-flex wp-container-core-group-is-layout-f7107250 wp-block-group-is-layout-flex is-style-section-4--7\"><h2 style=\"text-decoration:line-through;\" class=\"has-link-color wp-elements-01eab14ce3bad0832c8daa6d2361753b wp-block-post-title has-large-font-size wp-container-content-9cfa9a5a\"><a href=\"https:\/\/icarrouseljp.fr\/index.php\/diapo\/voeux-2021\/\" target=\"_self\" >V\u0153ux 2021<\/a><\/h2>\n\n<div class=\"has-text-align-left wp-block-post-excerpt has-medium-font-size\"><p class=\"wp-block-post-excerpt__excerpt\">V\u0153ux illustr\u00e9s de photos de l\u2019ann\u00e9e \u00e9coul\u00e9e <\/p><\/div>\n\n<div class=\"wp-block-post-date\"><time datetime=\"2021-01-01T00:00:00+01:00\">1 janvier 2021<\/time><\/div><\/div>\n\n<\/li><li class=\"wp-block-post post-866 post type-post status-publish format-standard has-post-thumbnail hentry category-chronique category-diapo tag-annee\">\n\n<div class=\"wp-block-group is-style-section-4 has-large-font-size is-horizontal is-content-justification-space-between is-layout-flex wp-container-core-group-is-layout-f7107250 wp-block-group-is-layout-flex is-style-section-4--8\"><h2 style=\"text-decoration:line-through;\" class=\"has-link-color wp-elements-01eab14ce3bad0832c8daa6d2361753b wp-block-post-title has-large-font-size wp-container-content-9cfa9a5a\"><a href=\"https:\/\/icarrouseljp.fr\/index.php\/diapo\/voeux-2020\/\" target=\"_self\" >Voeux 2020<\/a><\/h2>\n\n<div class=\"has-text-align-left wp-block-post-excerpt has-medium-font-size\"><p class=\"wp-block-post-excerpt__excerpt\">V\u0153ux illustr\u00e9s de photos de l\u2019ann\u00e9e \u00e9coul\u00e9e <\/p><\/div>\n\n<div class=\"wp-block-post-date\"><time datetime=\"2020-01-01T00:00:00+01:00\">1 janvier 2020<\/time><\/div><\/div>\n\n<\/li><li class=\"wp-block-post post-919 post type-post status-publish format-standard has-post-thumbnail hentry category-chronique tag-annee\">\n\n<div class=\"wp-block-group is-style-section-4 has-large-font-size is-horizontal is-content-justification-space-between is-layout-flex wp-container-core-group-is-layout-f7107250 wp-block-group-is-layout-flex is-style-section-4--9\"><h2 style=\"text-decoration:line-through;\" class=\"has-link-color wp-elements-01eab14ce3bad0832c8daa6d2361753b wp-block-post-title has-large-font-size wp-container-content-9cfa9a5a\"><a href=\"https:\/\/icarrouseljp.fr\/index.php\/diapo\/chronique\/voeux-2019\/\" target=\"_self\" >V\u0153ux 2019<\/a><\/h2>\n\n<div class=\"has-text-align-left wp-block-post-excerpt has-medium-font-size\"><p class=\"wp-block-post-excerpt__excerpt\">V\u0153ux illustr\u00e9s de photos de l\u2019ann\u00e9e \u00e9coul\u00e9e <\/p><\/div>\n\n<div class=\"wp-block-post-date\"><time datetime=\"2019-01-01T00:00:00+01:00\">1 janvier 2019<\/time><\/div><\/div>\n\n<\/li><li class=\"wp-block-post post-102 post type-post status-publish format-standard has-post-thumbnail hentry category-chronique category-diapo tag-saison\">\n\n<div class=\"wp-block-group is-style-section-4 has-large-font-size is-horizontal is-content-justification-space-between is-layout-flex wp-container-core-group-is-layout-f7107250 wp-block-group-is-layout-flex is-style-section-4--10\"><h2 style=\"text-decoration:line-through;\" class=\"has-link-color wp-elements-01eab14ce3bad0832c8daa6d2361753b wp-block-post-title has-large-font-size wp-container-content-9cfa9a5a\"><a href=\"https:\/\/icarrouseljp.fr\/index.php\/diapo\/chemin-ou-vas-tu\/\" target=\"_self\" >Dis chemin, o\u00f9 vas-tu?<\/a><\/h2>\n\n<div class=\"has-text-align-left wp-block-post-excerpt has-medium-font-size\"><p class=\"wp-block-post-excerpt__excerpt\">L&rsquo;automne en Sologne <\/p><\/div>\n\n<div class=\"wp-block-post-date\"><time datetime=\"2018-12-15T08:00:00+01:00\">15 d\u00e9cembre 2018<\/time><\/div><\/div>\n\n<\/li><li class=\"wp-block-post post-1025 post type-post status-publish format-standard has-post-thumbnail hentry category-chronique category-diapo tag-annee\">\n\n<div class=\"wp-block-group is-style-section-4 has-large-font-size is-horizontal is-content-justification-space-between is-layout-flex wp-container-core-group-is-layout-f7107250 wp-block-group-is-layout-flex is-style-section-4--11\"><h2 style=\"text-decoration:line-through;\" class=\"has-link-color wp-elements-01eab14ce3bad0832c8daa6d2361753b wp-block-post-title has-large-font-size wp-container-content-9cfa9a5a\"><a href=\"https:\/\/icarrouseljp.fr\/index.php\/diapo\/voeux-2018\/\" target=\"_self\" >V\u0153ux 2018<\/a><\/h2>\n\n<div class=\"has-text-align-left wp-block-post-excerpt has-medium-font-size\"><p class=\"wp-block-post-excerpt__excerpt\">V\u0153ux illustr\u00e9s des photos de l&rsquo;ann\u00e9e \u00e9coul\u00e9e (3&rsquo;27) <\/p><\/div>\n\n<div class=\"wp-block-post-date\"><time datetime=\"2018-01-01T00:00:00+01:00\">1 janvier 2018<\/time><\/div><\/div>\n\n<\/li><li class=\"wp-block-post post-1033 post type-post status-publish format-standard has-post-thumbnail hentry category-chronique category-diapo tag-annee\">\n\n<div class=\"wp-block-group is-style-section-4 has-large-font-size is-horizontal is-content-justification-space-between is-layout-flex wp-container-core-group-is-layout-f7107250 wp-block-group-is-layout-flex is-style-section-4--12\"><h2 style=\"text-decoration:line-through;\" class=\"has-link-color wp-elements-01eab14ce3bad0832c8daa6d2361753b wp-block-post-title has-large-font-size wp-container-content-9cfa9a5a\"><a href=\"https:\/\/icarrouseljp.fr\/index.php\/diapo\/voeux-2017\/\" target=\"_self\" >V\u0153ux 2017<\/a><\/h2>\n\n<div class=\"has-text-align-left wp-block-post-excerpt has-medium-font-size\"><p class=\"wp-block-post-excerpt__excerpt\">Mes v\u0153ux en images (3&rsquo;54) <\/p><\/div>\n\n<div class=\"wp-block-post-date\"><time datetime=\"2017-01-01T00:00:00+01:00\">1 janvier 2017<\/time><\/div><\/div>\n\n<\/li><li class=\"wp-block-post post-1053 post type-post status-publish format-standard has-post-thumbnail hentry category-chronique category-diapo tag-fiction tag-saison\">\n\n<div class=\"wp-block-group is-style-section-4 has-large-font-size is-horizontal is-content-justification-space-between is-layout-flex wp-container-core-group-is-layout-f7107250 wp-block-group-is-layout-flex is-style-section-4--13\"><h2 style=\"text-decoration:line-through;\" class=\"has-link-color wp-elements-01eab14ce3bad0832c8daa6d2361753b wp-block-post-title has-large-font-size wp-container-content-9cfa9a5a\"><a href=\"https:\/\/icarrouseljp.fr\/index.php\/diapo\/tintin-et-les-oranges-jaunes\/\" target=\"_self\" >Tintin et les oranges jaunes<\/a><\/h2>\n\n<div class=\"has-text-align-left wp-block-post-excerpt has-medium-font-size\"><p class=\"wp-block-post-excerpt__excerpt\">Les couleurs de l&rsquo;automne \u00e0 la sauce Tintin (4&rsquo;37) <\/p><\/div>\n\n<div class=\"wp-block-post-date\"><time datetime=\"2016-02-05T22:51:00+01:00\">5 f\u00e9vrier 2016<\/time><\/div><\/div>\n\n<\/li><li class=\"wp-block-post post-402 post type-post status-publish format-standard has-post-thumbnail hentry category-chronique category-diapo tag-parcjardin tag-saison\">\n\n<div class=\"wp-block-group is-style-section-4 has-large-font-size is-horizontal is-content-justification-space-between is-layout-flex wp-container-core-group-is-layout-f7107250 wp-block-group-is-layout-flex is-style-section-4--14\"><h2 style=\"text-decoration:line-through;\" class=\"has-link-color wp-elements-01eab14ce3bad0832c8daa6d2361753b wp-block-post-title has-large-font-size wp-container-content-9cfa9a5a\"><a href=\"https:\/\/icarrouseljp.fr\/index.php\/diapo\/en-attendant-lete\/\" target=\"_self\" >En attendant l&rsquo;\u00e9t\u00e9<\/a><\/h2>\n\n<div class=\"has-text-align-left wp-block-post-excerpt has-medium-font-size\"><p class=\"wp-block-post-excerpt__excerpt\">Printemps 2015 au Parc de Sceaux <\/p><\/div>\n\n<div class=\"wp-block-post-date\"><time datetime=\"2015-09-06T00:00:00+02:00\">6 septembre 2015<\/time><\/div><\/div>\n\n<\/li><\/ul>\n\n<\/div>\n","protected":false},"excerpt":{"rendered":"<p>Liste chronologique des diaporamas publi\u00e9s (les titres sont les liens d&rsquo;acc\u00e8s)<\/p>\n","protected":false},"author":1,"featured_media":0,"parent":0,"menu_order":0,"comment_status":"closed","ping_status":"closed","template":"chroniques-filtre-des-diaporamas-sur-la-sous-categorie","meta":{"_glsr_average":0,"_glsr_ranking":0,"_glsr_reviews":0,"footnotes":""},"class_list":["post-178","page","type-page","status-publish","hentry"],"_links":{"self":[{"href":"https:\/\/icarrouseljp.fr\/index.php\/wp-json\/wp\/v2\/pages\/178","targetHints":{"allow":["GET"]}}],"collection":[{"href":"https:\/\/icarrouseljp.fr\/index.php\/wp-json\/wp\/v2\/pages"}],"about":[{"href":"https:\/\/icarrouseljp.fr\/index.php\/wp-json\/wp\/v2\/types\/page"}],"author":[{"embeddable":true,"href":"https:\/\/icarrouseljp.fr\/index.php\/wp-json\/wp\/v2\/users\/1"}],"replies":[{"embeddable":true,"href":"https:\/\/icarrouseljp.fr\/index.php\/wp-json\/wp\/v2\/comments?post=178"}],"version-history":[{"count":7,"href":"https:\/\/icarrouseljp.fr\/index.php\/wp-json\/wp\/v2\/pages\/178\/revisions"}],"predecessor-version":[{"id":1196,"href":"https:\/\/icarrouseljp.fr\/index.php\/wp-json\/wp\/v2\/pages\/178\/revisions\/1196"}],"wp:attachment":[{"href":"https:\/\/icarrouseljp.fr\/index.php\/wp-json\/wp\/v2\/media?parent=178"}],"curies":[{"name":"wp","href":"https:\/\/api.w.org\/{rel}","templated":true}]}}