{"id":368,"date":"2025-08-21T18:07:38","date_gmt":"2025-08-21T16:07:38","guid":{"rendered":"https:\/\/icarrouseljp.fr\/?page_id=368"},"modified":"2025-09-14T22:25:29","modified_gmt":"2025-09-14T20:25:29","slug":"lieux","status":"publish","type":"page","link":"https:\/\/icarrouseljp.fr\/index.php\/lieux\/","title":{"rendered":"Lieux"},"content":{"rendered":"\n<hr class=\"wp-block-separator has-alpha-channel-opacity\"\/>\n\n\n\n<p class=\"has-text-align-center is-style-text-annotation has-contrast-color has-text-color has-background has-link-color has-large-font-size wp-elements-d1714d82f3574edcec81712e1efc35dd is-style-text-annotation--1\" style=\"background-color:#fff4e3\">Liste chronologique des diaporamas publi\u00e9s<br><em>(les titres sont les liens d&rsquo;acc\u00e8s)<\/em><\/p>\n\n\n\n<hr class=\"wp-block-separator has-alpha-channel-opacity\"\/>\n\n\n\n<div class=\"wp-block-query has-global-padding is-layout-constrained wp-block-query-is-layout-constrained\"><ul class=\"wp-block-post-template is-layout-flow wp-block-post-template-is-layout-flow\"><li class=\"wp-block-post post-1161 post type-post status-publish format-standard has-post-thumbnail hentry category-diapo category-lieu tag-oeuvre tag-tourism\">\n\n<div class=\"wp-block-group is-style-section-4 has-large-font-size is-horizontal is-content-justification-space-between is-layout-flex wp-container-core-group-is-layout-f7107250 wp-block-group-is-layout-flex is-style-section-4--2\"><h2 style=\"text-decoration:line-through;\" class=\"has-link-color wp-elements-01eab14ce3bad0832c8daa6d2361753b wp-block-post-title has-large-font-size wp-container-content-9cfa9a5a\"><a href=\"https:\/\/icarrouseljp.fr\/index.php\/diapo\/lextravagance-en-son-chateau\/\" target=\"_self\" >L&rsquo;extravagance en son ch\u00e2teau<\/a><\/h2>\n\n<div class=\"has-text-align-left wp-block-post-excerpt has-medium-font-size\"><p class=\"wp-block-post-excerpt__excerpt\">Ch\u00e2teau Laurens \u00e0 Agde, un joyau de l&rsquo;Art Nouveau (16&rsquo;00) <\/p><\/div>\n\n<div class=\"wp-block-post-date\"><time datetime=\"2025-09-12T22:38:23+02:00\">12 septembre 2025<\/time><\/div><\/div>\n\n<\/li><li class=\"wp-block-post post-793 post type-post status-publish format-standard has-post-thumbnail hentry category-diapo category-lieu tag-ville\">\n\n<div class=\"wp-block-group is-style-section-4 has-large-font-size is-horizontal is-content-justification-space-between is-layout-flex wp-container-core-group-is-layout-f7107250 wp-block-group-is-layout-flex is-style-section-4--3\"><h2 style=\"text-decoration:line-through;\" class=\"has-link-color wp-elements-01eab14ce3bad0832c8daa6d2361753b wp-block-post-title has-large-font-size wp-container-content-9cfa9a5a\"><a href=\"https:\/\/icarrouseljp.fr\/index.php\/diapo\/plongee-en-architecture\/\" target=\"_self\" >Plong\u00e9e en architecture<\/a><\/h2>\n\n<div class=\"has-text-align-left wp-block-post-excerpt has-medium-font-size\"><p class=\"wp-block-post-excerpt__excerpt\">Le quartier \u00ab\u00a0Iconic\u00a0\u00bb au Cap d&rsquo;Agde (4&rsquo;08) <\/p><\/div>\n\n<div class=\"wp-block-post-date\"><time datetime=\"2025-03-19T22:49:29+01:00\">19 mars 2025<\/time><\/div><\/div>\n\n<\/li><li class=\"wp-block-post post-797 post type-post status-publish format-standard has-post-thumbnail hentry category-diapo category-lieu tag-chateau tag-histoire\">\n\n<div class=\"wp-block-group is-style-section-4 has-large-font-size is-horizontal is-content-justification-space-between is-layout-flex wp-container-core-group-is-layout-f7107250 wp-block-group-is-layout-flex is-style-section-4--4\"><h2 style=\"text-decoration:line-through;\" class=\"has-link-color wp-elements-01eab14ce3bad0832c8daa6d2361753b wp-block-post-title has-large-font-size wp-container-content-9cfa9a5a\"><a href=\"https:\/\/icarrouseljp.fr\/index.php\/diapo\/les-pierres-de-lhistoire\/\" target=\"_self\" >Les pierres de l&rsquo;Histoire<\/a><\/h2>\n\n<div class=\"has-text-align-left wp-block-post-excerpt has-medium-font-size\"><p class=\"wp-block-post-excerpt__excerpt\">Ch\u00e2teaux Cathares dans les Corbi\u00e8res et dans l&rsquo;Histoire (17&rsquo;32) <\/p><\/div>\n\n<div class=\"wp-block-post-date\"><time datetime=\"2024-11-16T23:01:00+01:00\">16 novembre 2024<\/time><\/div><\/div>\n\n<\/li><li class=\"wp-block-post post-807 post type-post status-publish format-standard has-post-thumbnail hentry category-diapo category-lieu tag-nature\">\n\n<div class=\"wp-block-group is-style-section-4 has-large-font-size is-horizontal is-content-justification-space-between is-layout-flex wp-container-core-group-is-layout-f7107250 wp-block-group-is-layout-flex is-style-section-4--5\"><h2 style=\"text-decoration:line-through;\" class=\"has-link-color wp-elements-01eab14ce3bad0832c8daa6d2361753b wp-block-post-title has-large-font-size wp-container-content-9cfa9a5a\"><a href=\"https:\/\/icarrouseljp.fr\/index.php\/diapo\/double-vue-a-pont-de-gau\/\" target=\"_self\" >Double vue \u00e0 Pont-de-Gau<\/a><\/h2>\n\n<div class=\"has-text-align-left wp-block-post-excerpt has-medium-font-size\"><p class=\"wp-block-post-excerpt__excerpt\">Plumes, pattes et becs d&rsquo;une r\u00e9serve ornithologique en Camargue. (6&rsquo;28) <\/p><\/div>\n\n<div class=\"wp-block-post-date\"><time datetime=\"2023-11-25T21:37:00+01:00\">25 novembre 2023<\/time><\/div><\/div>\n\n<\/li><li class=\"wp-block-post post-838 post type-post status-publish format-standard has-post-thumbnail hentry category-diapo category-lieu tag-nature tag-saison\">\n\n<div class=\"wp-block-group is-style-section-4 has-large-font-size is-horizontal is-content-justification-space-between is-layout-flex wp-container-core-group-is-layout-f7107250 wp-block-group-is-layout-flex is-style-section-4--6\"><h2 style=\"text-decoration:line-through;\" class=\"has-link-color wp-elements-01eab14ce3bad0832c8daa6d2361753b wp-block-post-title has-large-font-size wp-container-content-9cfa9a5a\"><a href=\"https:\/\/icarrouseljp.fr\/index.php\/diapo\/lappel-de-la-rouille\/\" target=\"_self\" >L&rsquo;appel de la rouille<\/a><\/h2>\n\n<div class=\"has-text-align-left wp-block-post-excerpt has-medium-font-size\"><p class=\"wp-block-post-excerpt__excerpt\">Allier -Le Moulin des Valignards au bord de la Sioule\u2026 <\/p><\/div>\n\n<div class=\"wp-block-post-date\"><time datetime=\"2022-11-22T18:42:00+01:00\">22 novembre 2022<\/time><\/div><\/div>\n\n<\/li><li class=\"wp-block-post post-841 post type-post status-publish format-standard has-post-thumbnail hentry category-diapo category-lieu tag-histoire tag-ville\">\n\n<div class=\"wp-block-group is-style-section-4 has-large-font-size is-horizontal is-content-justification-space-between is-layout-flex wp-container-core-group-is-layout-f7107250 wp-block-group-is-layout-flex is-style-section-4--7\"><h2 style=\"text-decoration:line-through;\" class=\"has-link-color wp-elements-01eab14ce3bad0832c8daa6d2361753b wp-block-post-title has-large-font-size wp-container-content-9cfa9a5a\"><a href=\"https:\/\/icarrouseljp.fr\/index.php\/diapo\/pezenasla-verite-sur-les-ruelles\/\" target=\"_self\" >P\u00e9zenas\nla v\u00e9rit\u00e9 sur les ruelles<\/a><\/h2>\n\n<div class=\"has-text-align-left wp-block-post-excerpt has-medium-font-size\"><p class=\"wp-block-post-excerpt__excerpt\">Fuir le ciel dans les ruelles de P\u00e9zenas (8&rsquo;31) <\/p><\/div>\n\n<div class=\"wp-block-post-date\"><time datetime=\"2022-09-28T18:58:00+02:00\">28 septembre 2022<\/time><\/div><\/div>\n\n<\/li><li class=\"wp-block-post post-970 post type-post status-publish format-standard has-post-thumbnail hentry category-diapo category-lieu tag-histoire tag-societe tag-ville\">\n\n<div class=\"wp-block-group is-style-section-4 has-large-font-size is-horizontal is-content-justification-space-between is-layout-flex wp-container-core-group-is-layout-f7107250 wp-block-group-is-layout-flex is-style-section-4--8\"><h2 style=\"text-decoration:line-through;\" class=\"has-link-color wp-elements-01eab14ce3bad0832c8daa6d2361753b wp-block-post-title has-large-font-size wp-container-content-9cfa9a5a\"><a href=\"https:\/\/icarrouseljp.fr\/index.php\/diapo\/belleville\/\" target=\"_self\" >Belleville<\/a><\/h2>\n\n<div class=\"has-text-align-left wp-block-post-excerpt has-medium-font-size\"><p class=\"wp-block-post-excerpt__excerpt\">Pass\u00e9 et pr\u00e9sent du quartier parisien de Belleville (16&rsquo;30) <\/p><\/div>\n\n<div class=\"wp-block-post-date\"><time datetime=\"2018-09-23T22:33:00+02:00\">23 septembre 2018<\/time><\/div><\/div>\n\n<\/li><li class=\"wp-block-post post-972 post type-post status-publish format-standard has-post-thumbnail hentry category-diapo category-lieu tag-souvenir tag-tourism\">\n\n<div class=\"wp-block-group is-style-section-4 has-large-font-size is-horizontal is-content-justification-space-between is-layout-flex wp-container-core-group-is-layout-f7107250 wp-block-group-is-layout-flex is-style-section-4--9\"><h2 style=\"text-decoration:line-through;\" class=\"has-link-color wp-elements-01eab14ce3bad0832c8daa6d2361753b wp-block-post-title has-large-font-size wp-container-content-9cfa9a5a\"><a href=\"https:\/\/icarrouseljp.fr\/index.php\/diapo\/giverny\/\" target=\"_self\" >Giverny<\/a><\/h2>\n\n<div class=\"has-text-align-left wp-block-post-excerpt has-medium-font-size\"><p class=\"wp-block-post-excerpt__excerpt\">Quand la renomm\u00e9e d&rsquo;un lieu en modifie sa perception (6&rsquo;32) <\/p><\/div>\n\n<div class=\"wp-block-post-date\"><time datetime=\"2018-06-23T22:42:00+02:00\">23 juin 2018<\/time><\/div><\/div>\n\n<\/li><li class=\"wp-block-post post-974 post type-post status-publish format-standard has-post-thumbnail hentry category-diapo category-lieu tag-nature tag-souvenir\">\n\n<div class=\"wp-block-group is-style-section-4 has-large-font-size is-horizontal is-content-justification-space-between is-layout-flex wp-container-core-group-is-layout-f7107250 wp-block-group-is-layout-flex is-style-section-4--10\"><h2 style=\"text-decoration:line-through;\" class=\"has-link-color wp-elements-01eab14ce3bad0832c8daa6d2361753b wp-block-post-title has-large-font-size wp-container-content-9cfa9a5a\"><a href=\"https:\/\/icarrouseljp.fr\/index.php\/diapo\/eaux-vertes-a-la-retraite\/\" target=\"_self\" >Eaux vertes \u00e0 la retraite<\/a><\/h2>\n\n<div class=\"has-text-align-left wp-block-post-excerpt has-medium-font-size\"><p class=\"wp-block-post-excerpt__excerpt\">Le Canal du Midi, au fil des ans et de\u2026 <\/p><\/div>\n\n<div class=\"wp-block-post-date\"><time datetime=\"2018-03-19T22:51:00+01:00\">19 mars 2018<\/time><\/div><\/div>\n\n<\/li><li class=\"wp-block-post post-1027 post type-post status-publish format-standard has-post-thumbnail hentry category-diapo category-lieu tag-humour tag-parcjardin\">\n\n<div class=\"wp-block-group is-style-section-4 has-large-font-size is-horizontal is-content-justification-space-between is-layout-flex wp-container-core-group-is-layout-f7107250 wp-block-group-is-layout-flex is-style-section-4--11\"><h2 style=\"text-decoration:line-through;\" class=\"has-link-color wp-elements-01eab14ce3bad0832c8daa6d2361753b wp-block-post-title has-large-font-size wp-container-content-9cfa9a5a\"><a href=\"https:\/\/icarrouseljp.fr\/index.php\/diapo\/pas-serieux\/\" target=\"_self\" >Pas s\u00e9rieux<\/a><\/h2>\n\n<div class=\"has-text-align-left wp-block-post-excerpt has-medium-font-size\"><p class=\"wp-block-post-excerpt__excerpt\">Brouillard au Parc de Sceaux (3&rsquo;30) <\/p><\/div>\n\n<div class=\"wp-block-post-date\"><time datetime=\"2017-11-10T22:26:00+01:00\">10 novembre 2017<\/time><\/div><\/div>\n\n<\/li><li class=\"wp-block-post post-1031 post type-post status-publish format-standard has-post-thumbnail hentry category-diapo category-lieu tag-chateau tag-tourism\">\n\n<div class=\"wp-block-group is-style-section-4 has-large-font-size is-horizontal is-content-justification-space-between is-layout-flex wp-container-core-group-is-layout-f7107250 wp-block-group-is-layout-flex is-style-section-4--12\"><h2 style=\"text-decoration:line-through;\" class=\"has-link-color wp-elements-01eab14ce3bad0832c8daa6d2361753b wp-block-post-title has-large-font-size wp-container-content-9cfa9a5a\"><a href=\"https:\/\/icarrouseljp.fr\/index.php\/diapo\/un-enchantement\/\" target=\"_self\" >Un enchantement<\/a><\/h2>\n\n<div class=\"has-text-align-left wp-block-post-excerpt has-medium-font-size\"><p class=\"wp-block-post-excerpt__excerpt\">Visite du ch\u00e2teau de La-Fert\u00e9-St-Aubin guid\u00e9e par des poup\u00e9es (7&rsquo;52) <\/p><\/div>\n\n<div class=\"wp-block-post-date\"><time datetime=\"2017-05-28T22:38:00+02:00\">28 mai 2017<\/time><\/div><\/div>\n\n<\/li><li class=\"wp-block-post post-1045 post type-post status-publish format-standard has-post-thumbnail hentry category-diapo category-lieu tag-nature tag-tourism\">\n\n<div class=\"wp-block-group is-style-section-4 has-large-font-size is-horizontal is-content-justification-space-between is-layout-flex wp-container-core-group-is-layout-f7107250 wp-block-group-is-layout-flex is-style-section-4--13\"><h2 style=\"text-decoration:line-through;\" class=\"has-link-color wp-elements-01eab14ce3bad0832c8daa6d2361753b wp-block-post-title has-large-font-size wp-container-content-9cfa9a5a\"><a href=\"https:\/\/icarrouseljp.fr\/index.php\/diapo\/entre-deux-souffles\/\" target=\"_self\" >Entre deux souffles<\/a><\/h2>\n\n<div class=\"has-text-align-left wp-block-post-excerpt has-medium-font-size\"><p class=\"wp-block-post-excerpt__excerpt\">L\u2019\u00c9tang de Thau selon les caprices du vent (6&rsquo;37) <\/p><\/div>\n\n<div class=\"wp-block-post-date\"><time datetime=\"2016-12-04T16:03:00+01:00\">4 d\u00e9cembre 2016<\/time><\/div><\/div>\n\n<\/li><li class=\"wp-block-post post-1047 post type-post status-publish format-standard has-post-thumbnail hentry category-diapo category-lieu tag-parcjardin tag-tourism\">\n\n<div class=\"wp-block-group is-style-section-4 has-large-font-size is-horizontal is-content-justification-space-between is-layout-flex wp-container-core-group-is-layout-f7107250 wp-block-group-is-layout-flex is-style-section-4--14\"><h2 style=\"text-decoration:line-through;\" class=\"has-link-color wp-elements-01eab14ce3bad0832c8daa6d2361753b wp-block-post-title has-large-font-size wp-container-content-9cfa9a5a\"><a href=\"https:\/\/icarrouseljp.fr\/index.php\/diapo\/le-jardin-de-saint-adrien\/\" target=\"_self\" >Le jardin de Saint-Adrien<\/a><\/h2>\n\n<div class=\"has-text-align-left wp-block-post-excerpt has-medium-font-size\"><p class=\"wp-block-post-excerpt__excerpt\">Proche de P\u00e9zenas : un jardin extraordinaire (4&rsquo;50) <\/p><\/div>\n\n<div class=\"wp-block-post-date\"><time datetime=\"2016-10-10T16:12:00+02:00\">10 octobre 2016<\/time><\/div><\/div>\n\n<\/li><li class=\"wp-block-post post-1155 post type-post status-publish format-standard has-post-thumbnail hentry category-diapo category-lieu tag-tourism tag-voyage\">\n\n<div class=\"wp-block-group is-style-section-4 has-large-font-size is-horizontal is-content-justification-space-between is-layout-flex wp-container-core-group-is-layout-f7107250 wp-block-group-is-layout-flex is-style-section-4--15\"><h2 style=\"text-decoration:line-through;\" class=\"has-link-color wp-elements-01eab14ce3bad0832c8daa6d2361753b wp-block-post-title has-large-font-size wp-container-content-9cfa9a5a\"><a href=\"https:\/\/icarrouseljp.fr\/index.php\/diapo\/rivages\/\" target=\"_self\" >Rivages<\/a><\/h2>\n\n<div class=\"has-text-align-left wp-block-post-excerpt has-medium-font-size\"><p class=\"wp-block-post-excerpt__excerpt\">Une addiction pour les vacances en bord de mer (14&rsquo;\u2026 <\/p><\/div>\n\n<div class=\"wp-block-post-date\"><time datetime=\"2012-02-08T21:33:00+01:00\">8 f\u00e9vrier 2012<\/time><\/div><\/div>\n\n<\/li><li class=\"wp-block-post post-1157 post type-post status-publish format-standard has-post-thumbnail hentry category-diapo category-lieu tag-experience tag-ville\">\n\n<div class=\"wp-block-group is-style-section-4 has-large-font-size is-horizontal is-content-justification-space-between is-layout-flex wp-container-core-group-is-layout-f7107250 wp-block-group-is-layout-flex is-style-section-4--16\"><h2 style=\"text-decoration:line-through;\" class=\"has-link-color wp-elements-01eab14ce3bad0832c8daa6d2361753b wp-block-post-title has-large-font-size wp-container-content-9cfa9a5a\"><a href=\"https:\/\/icarrouseljp.fr\/index.php\/diapo\/paris-bercy\/\" target=\"_self\" >Paris &#8211; Bercy<\/a><\/h2>\n\n<div class=\"has-text-align-left wp-block-post-excerpt has-medium-font-size\"><p class=\"wp-block-post-excerpt__excerpt\">5 ans de photos aux abords de la Gare de\u2026 <\/p><\/div>\n\n<div class=\"wp-block-post-date\"><time datetime=\"2011-05-08T21:46:00+02:00\">8 mai 2011<\/time><\/div><\/div>\n\n<\/li><\/ul>\n\n<\/div>\n","protected":false},"excerpt":{"rendered":"<p>Liste chronologique des diaporamas publi\u00e9s(les titres sont les liens d&rsquo;acc\u00e8s)<\/p>\n","protected":false},"author":1,"featured_media":0,"parent":0,"menu_order":0,"comment_status":"closed","ping_status":"closed","template":"lieux-filtre-des-diaporamas-sur-la-sous-categorie-lieu","meta":{"_glsr_average":0,"_glsr_ranking":0,"_glsr_reviews":0,"footnotes":""},"class_list":["post-368","page","type-page","status-publish","hentry"],"_links":{"self":[{"href":"https:\/\/icarrouseljp.fr\/index.php\/wp-json\/wp\/v2\/pages\/368","targetHints":{"allow":["GET"]}}],"collection":[{"href":"https:\/\/icarrouseljp.fr\/index.php\/wp-json\/wp\/v2\/pages"}],"about":[{"href":"https:\/\/icarrouseljp.fr\/index.php\/wp-json\/wp\/v2\/types\/page"}],"author":[{"embeddable":true,"href":"https:\/\/icarrouseljp.fr\/index.php\/wp-json\/wp\/v2\/users\/1"}],"replies":[{"embeddable":true,"href":"https:\/\/icarrouseljp.fr\/index.php\/wp-json\/wp\/v2\/comments?post=368"}],"version-history":[{"count":5,"href":"https:\/\/icarrouseljp.fr\/index.php\/wp-json\/wp\/v2\/pages\/368\/revisions"}],"predecessor-version":[{"id":1200,"href":"https:\/\/icarrouseljp.fr\/index.php\/wp-json\/wp\/v2\/pages\/368\/revisions\/1200"}],"wp:attachment":[{"href":"https:\/\/icarrouseljp.fr\/index.php\/wp-json\/wp\/v2\/media?parent=368"}],"curies":[{"name":"wp","href":"https:\/\/api.w.org\/{rel}","templated":true}]}}