{"id":55,"date":"2025-08-07T11:32:08","date_gmt":"2025-08-07T09:32:08","guid":{"rendered":"https:\/\/icarrof.cluster100.hosting.ovh.net\/?page_id=55"},"modified":"2025-12-13T18:28:23","modified_gmt":"2025-12-13T17:28:23","slug":"accueil","status":"publish","type":"page","link":"https:\/\/icarrouseljp.fr\/","title":{"rendered":"Accueil"},"content":{"rendered":"\n<div class=\"wp-block-group has-global-padding is-layout-constrained wp-block-group-is-layout-constrained\" style=\"box-shadow:var(--wp--preset--shadow--natural)\">\n<p class=\"has-text-align-center is-style-text-subtitle has-contrast-color has-text-color has-background has-link-color has-vollkorn-font-family wp-elements-38335e2b17f8bae41983a7878f692314 is-style-text-subtitle--1\" style=\"border-style:none;border-width:0px;background:linear-gradient(135deg,rgb(179,211,228) 0%,rgb(227,166,191) 100%);padding-top:var(--wp--preset--spacing--20);padding-right:var(--wp--preset--spacing--20);padding-bottom:var(--wp--preset--spacing--20);padding-left:var(--wp--preset--spacing--20)\"><strong>Fid\u00e8les d&rsquo;icarrouseljp, bonjour !<\/strong><\/p>\n<\/div>\n\n\n\n<p class=\"has-contrast-color has-text-color has-link-color wp-elements-f97af6f211541fd9a001def1422901a8\" style=\"margin-top:var(--wp--preset--spacing--20);margin-right:0;margin-bottom:var(--wp--preset--spacing--20);margin-left:0\">L&rsquo;\u00e9ditorial du moment<\/p>\n\n\n\n<div class=\"wp-block-group has-contrast-color has-accent-6-background-color has-text-color has-background has-link-color wp-elements-fd94682bda0afe90c82fb36315483236 has-global-padding is-layout-constrained wp-container-core-group-is-layout-0f772c33 wp-block-group-is-layout-constrained\" style=\"margin-top:0;margin-bottom:0;padding-top:var(--wp--preset--spacing--20);padding-right:var(--wp--preset--spacing--20);padding-bottom:var(--wp--preset--spacing--20);padding-left:var(--wp--preset--spacing--20);box-shadow:var(--wp--preset--shadow--natural)\">\n<p class=\"is-style-default has-contrast-color has-text-color has-link-color wp-elements-f366ba63e45019cd41431eb3556bdddf\">D\u00e9cembre 2025<\/p>\n\n\n\n<p>Bient\u00f4t 3 mois d\u2019existence de ce nouvel \u00ab&nbsp;icarrouseljp.fr&nbsp;\u00bb.<\/p>\n\n\n\n<p>Quoi de neuf depuis la r\u00e9ouverture&nbsp;?<\/p>\n\n\n\n<p>C\u00f4t\u00e9 production&nbsp;:<\/p>\n\n\n\n<p>Essentiellement des textes produits dans le cadre de l\u2019Atelier d\u2019\u00c9criture de la MJC Agathoise, un petit groupe avec lequel je me sens de plus en plus familier pour ma deuxi\u00e8me ann\u00e9e de participation. <em>Masque, Mer, Stylo, Foulard, Urinoir, Fouet<\/em> autant de mots h\u00e9t\u00e9roclites, surgissant toutes les quinzaines des propositions de chacun et autour desquels je prends un grand plaisir \u00e0 construire ces petits r\u00e9cits.<\/p>\n\n\n\n<p>Pour les photos, 3 nouvelles galeries&nbsp;: une \u00ab&nbsp;Cuv\u00e9e 2024&nbsp;\u00bb r\u00e9trospective, une autre d\u00e9di\u00e9e \u00e0 des photos de \u00ab&nbsp;proxi&nbsp;\u00bb et une derni\u00e8re sur le th\u00e8me des contre-jour.<\/p>\n\n\n\n<p>Pas de nouveaux diaporamas jusqu\u2019\u00e0 maintenant, mon implication dans l\u2019animation du club photo me mobilise le temps qu\u2019il me faudrait pour de nouveaux projets et il faudra attendre le 1<sup>er<\/sup> janvier pour la mise en ligne de mes traditionnels v\u0153ux en image (que je viens de terminer).<\/p>\n\n\n\n<p>C\u00f4t\u00e9 fr\u00e9quentation&nbsp;:<\/p>\n\n\n\n<p>Merci \u00e0 tous ceux qui sont pass\u00e9s \u00ab&nbsp;pour voir&nbsp;\u00bb et encore plus \u00e0 ceux qui ont pris le temps de laisser un avis ou un commentaire. Ces deux moyens sont \u00e0 peu pr\u00e8s les seuls qui soient fiables pour me donner un retour de vos visites. Avec ce nouveau service d\u2019h\u00e9bergement, j\u2019ai beaucoup de mal \u00e0 interpr\u00e9ter les statistiques qui sont mises \u00e0 la disposition des administrateurs&nbsp;; sans doute faute de pourvoir diff\u00e9rencier les vrais visiteurs des multiples robots renifleurs du Web. Donc, n\u2019h\u00e9sitez pas \u00e0 vous manifester de mani\u00e8re tangible&nbsp;!<\/p>\n\n\n\n<p>Je vois aussi comptabilis\u00e9 un nombre important de \u00ab&nbsp;page en erreur&nbsp;\u00bb alors que ma propre navigation ne m\u2019en fait jamais appara\u00eetre. Si vous avez-vous eu le d\u00e9sagr\u00e9ment d\u2019en constater, ce serait sympa de me dire dans quelles conditions.<\/p>\n\n\n\n<p>A bient\u00f4t le plaisir d\u2019une visite.<\/p>\n\n\n\n<p class=\"is-style-default has-contrast-color has-text-color has-link-color wp-elements-16004a8ef72fcb0ca25e84a59f95bea1\">Jean-Pierre<\/p>\n<\/div>\n","protected":false},"excerpt":{"rendered":"<p>Fid\u00e8les d&rsquo;icarrouseljp, bonjour ! L&rsquo;\u00e9ditorial du moment D\u00e9cembre 2025 Bient\u00f4t 3 mois d\u2019existence de ce nouvel \u00ab&nbsp;icarrouseljp.fr&nbsp;\u00bb. Quoi de neuf depuis la r\u00e9ouverture&nbsp;? C\u00f4t\u00e9 production&nbsp;: Essentiellement des textes produits dans le cadre de l\u2019Atelier d\u2019\u00c9criture de la MJC Agathoise, un petit groupe avec lequel je me sens de plus en plus familier pour ma deuxi\u00e8me [&hellip;]<\/p>\n","protected":false},"author":1,"featured_media":0,"parent":0,"menu_order":0,"comment_status":"closed","ping_status":"closed","template":"","meta":{"_glsr_average":0,"_glsr_ranking":0,"_glsr_reviews":0,"footnotes":""},"class_list":["post-55","page","type-page","status-publish","hentry"],"_links":{"self":[{"href":"https:\/\/icarrouseljp.fr\/index.php\/wp-json\/wp\/v2\/pages\/55","targetHints":{"allow":["GET"]}}],"collection":[{"href":"https:\/\/icarrouseljp.fr\/index.php\/wp-json\/wp\/v2\/pages"}],"about":[{"href":"https:\/\/icarrouseljp.fr\/index.php\/wp-json\/wp\/v2\/types\/page"}],"author":[{"embeddable":true,"href":"https:\/\/icarrouseljp.fr\/index.php\/wp-json\/wp\/v2\/users\/1"}],"replies":[{"embeddable":true,"href":"https:\/\/icarrouseljp.fr\/index.php\/wp-json\/wp\/v2\/comments?post=55"}],"version-history":[{"count":20,"href":"https:\/\/icarrouseljp.fr\/index.php\/wp-json\/wp\/v2\/pages\/55\/revisions"}],"predecessor-version":[{"id":1482,"href":"https:\/\/icarrouseljp.fr\/index.php\/wp-json\/wp\/v2\/pages\/55\/revisions\/1482"}],"wp:attachment":[{"href":"https:\/\/icarrouseljp.fr\/index.php\/wp-json\/wp\/v2\/media?parent=55"}],"curies":[{"name":"wp","href":"https:\/\/api.w.org\/{rel}","templated":true}]}}