{"id":689,"date":"2025-08-24T17:54:15","date_gmt":"2025-08-24T15:54:15","guid":{"rendered":"https:\/\/icarrouseljp.fr\/?page_id=689"},"modified":"2025-08-29T22:05:41","modified_gmt":"2025-08-29T20:05:41","slug":"evenements","status":"publish","type":"page","link":"https:\/\/icarrouseljp.fr\/index.php\/evenements\/","title":{"rendered":"Ev\u00e8nements"},"content":{"rendered":"\n<hr class=\"wp-block-separator has-alpha-channel-opacity\"\/>\n\n\n\n<p class=\"has-text-align-center is-style-text-annotation has-contrast-color has-text-color has-background has-link-color has-large-font-size wp-elements-d1714d82f3574edcec81712e1efc35dd is-style-text-annotation--1\" style=\"background-color:#fff4e3\">Liste chronologique des diaporamas publi\u00e9s<br><em>(les titres sont les liens d&rsquo;acc\u00e8s)<\/em><\/p>\n\n\n\n<hr class=\"wp-block-separator has-alpha-channel-opacity\"\/>\n\n\n\n<div class=\"wp-block-query has-global-padding is-layout-constrained wp-block-query-is-layout-constrained\"><ul class=\"wp-block-post-template is-layout-flow wp-block-post-template-is-layout-flow\"><li class=\"wp-block-post post-1493 post type-post status-publish format-standard has-post-thumbnail hentry category-diapo category-event tag-annee tag-societe\">\n\n<div class=\"wp-block-group is-style-section-4 has-large-font-size is-horizontal is-content-justification-space-between is-layout-flex wp-container-core-group-is-layout-f7107250 wp-block-group-is-layout-flex is-style-section-4--2\"><h2 style=\"text-decoration:line-through;\" class=\"has-link-color wp-elements-01eab14ce3bad0832c8daa6d2361753b wp-block-post-title has-large-font-size wp-container-content-9cfa9a5a\"><a href=\"https:\/\/icarrouseljp.fr\/index.php\/diapo\/noel-noel-2\/\" target=\"_self\" >No\u00ebl, No\u00ebl !<\/a><\/h2>\n\n<div class=\"has-text-align-left wp-block-post-excerpt has-medium-font-size\"><p class=\"wp-block-post-excerpt__excerpt\">Un pamphlet sarcastico-nostalgique (2&rsquo;55) <\/p><\/div>\n\n<div class=\"wp-block-post-date\"><time datetime=\"2025-12-28T21:41:14+01:00\">28 d\u00e9cembre 2025<\/time><\/div><\/div>\n\n<\/li><li class=\"wp-block-post post-809 post type-post status-publish format-standard has-post-thumbnail hentry category-diapo category-event tag-tourism\">\n\n<div class=\"wp-block-group is-style-section-4 has-large-font-size is-horizontal is-content-justification-space-between is-layout-flex wp-container-core-group-is-layout-f7107250 wp-block-group-is-layout-flex is-style-section-4--3\"><h2 style=\"text-decoration:line-through;\" class=\"has-link-color wp-elements-01eab14ce3bad0832c8daa6d2361753b wp-block-post-title has-large-font-size wp-container-content-9cfa9a5a\"><a href=\"https:\/\/icarrouseljp.fr\/index.php\/diapo\/les-feeries-daniane\/\" target=\"_self\" >Les f\u00e9eries d&rsquo;Aniane<\/a><\/h2>\n\n<div class=\"has-text-align-left wp-block-post-excerpt has-medium-font-size\"><p class=\"wp-block-post-excerpt__excerpt\">Cr\u00e8che et village de No\u00ebl \u00e0 Aniane (H\u00e9rault) (7&rsquo;55) <\/p><\/div>\n\n<div class=\"wp-block-post-date\"><time datetime=\"2023-03-20T21:51:00+01:00\">20 mars 2023<\/time><\/div><\/div>\n\n<\/li><li class=\"wp-block-post post-862 post type-post status-publish format-standard has-post-thumbnail hentry category-diapo category-event tag-tourism\">\n\n<div class=\"wp-block-group is-style-section-4 has-large-font-size is-horizontal is-content-justification-space-between is-layout-flex wp-container-core-group-is-layout-f7107250 wp-block-group-is-layout-flex is-style-section-4--4\"><h2 style=\"text-decoration:line-through;\" class=\"has-link-color wp-elements-01eab14ce3bad0832c8daa6d2361753b wp-block-post-title has-large-font-size wp-container-content-9cfa9a5a\"><a href=\"https:\/\/icarrouseljp.fr\/index.php\/diapo\/que-la-lumiere-soit\/\" target=\"_self\" >Que la lumi\u00e8re soit<\/a><\/h2>\n\n<div class=\"has-text-align-left wp-block-post-excerpt has-medium-font-size\"><p class=\"wp-block-post-excerpt__excerpt\">D\u00e9cembre 2019 &#8211; La f\u00eate des lanternes \u00e0 Gaillac (6&rsquo;35) <\/p><\/div>\n\n<div class=\"wp-block-post-date\"><time datetime=\"2020-03-08T16:56:00+01:00\">8 mars 2020<\/time><\/div><\/div>\n\n<\/li><li class=\"wp-block-post post-966 post type-post status-publish format-standard has-post-thumbnail hentry category-diapo category-event tag-tourism\">\n\n<div class=\"wp-block-group is-style-section-4 has-large-font-size is-horizontal is-content-justification-space-between is-layout-flex wp-container-core-group-is-layout-f7107250 wp-block-group-is-layout-flex is-style-section-4--5\"><h2 style=\"text-decoration:line-through;\" class=\"has-link-color wp-elements-01eab14ce3bad0832c8daa6d2361753b wp-block-post-title has-large-font-size wp-container-content-9cfa9a5a\"><a href=\"https:\/\/icarrouseljp.fr\/index.php\/diapo\/lile-aux-bateaux\/\" target=\"_self\" >L&rsquo;\u00eele aux bateaux<\/a><\/h2>\n\n<div class=\"has-text-align-left wp-block-post-excerpt has-medium-font-size\"><p class=\"wp-block-post-excerpt__excerpt\">\u00ab\u00a0Escale \u00e0 S\u00e8te\u00a0\u00bb : rassemblement de vieux gr\u00e9ements, \u00e9ditions 2012\u2026 <\/p><\/div>\n\n<div class=\"wp-block-post-date\"><time datetime=\"2018-11-22T22:03:00+01:00\">22 novembre 2018<\/time><\/div><\/div>\n\n<\/li><li class=\"wp-block-post post-1159 post type-post status-publish format-standard has-post-thumbnail hentry category-diapo category-event tag-experience tag-tourism\">\n\n<div class=\"wp-block-group is-style-section-4 has-large-font-size is-horizontal is-content-justification-space-between is-layout-flex wp-container-core-group-is-layout-f7107250 wp-block-group-is-layout-flex is-style-section-4--6\"><h2 style=\"text-decoration:line-through;\" class=\"has-link-color wp-elements-01eab14ce3bad0832c8daa6d2361753b wp-block-post-title has-large-font-size wp-container-content-9cfa9a5a\"><a href=\"https:\/\/icarrouseljp.fr\/index.php\/diapo\/montgolfiere\/\" target=\"_self\" >Montgolfi\u00e8re<\/a><\/h2>\n\n<div class=\"has-text-align-left wp-block-post-excerpt has-medium-font-size\"><p class=\"wp-block-post-excerpt__excerpt\">Vol au dessus de Turenne (Dordogne) (12&rsquo;03) <\/p><\/div>\n\n<div class=\"wp-block-post-date\"><time datetime=\"2010-07-24T22:21:00+02:00\">24 juillet 2010<\/time><\/div><\/div>\n\n<\/li><\/ul>\n\n<\/div>\n\n\n\n<div style=\"height:300px\" aria-hidden=\"true\" class=\"wp-block-spacer\"><\/div>\n","protected":false},"excerpt":{"rendered":"<p>Liste chronologique des diaporamas publi\u00e9s(les titres sont les liens d&rsquo;acc\u00e8s)<\/p>\n","protected":false},"author":1,"featured_media":0,"parent":0,"menu_order":0,"comment_status":"closed","ping_status":"closed","template":"evenements","meta":{"_glsr_average":0,"_glsr_ranking":0,"_glsr_reviews":0,"footnotes":""},"class_list":["post-689","page","type-page","status-publish","hentry"],"_links":{"self":[{"href":"https:\/\/icarrouseljp.fr\/index.php\/wp-json\/wp\/v2\/pages\/689","targetHints":{"allow":["GET"]}}],"collection":[{"href":"https:\/\/icarrouseljp.fr\/index.php\/wp-json\/wp\/v2\/pages"}],"about":[{"href":"https:\/\/icarrouseljp.fr\/index.php\/wp-json\/wp\/v2\/types\/page"}],"author":[{"embeddable":true,"href":"https:\/\/icarrouseljp.fr\/index.php\/wp-json\/wp\/v2\/users\/1"}],"replies":[{"embeddable":true,"href":"https:\/\/icarrouseljp.fr\/index.php\/wp-json\/wp\/v2\/comments?post=689"}],"version-history":[{"count":3,"href":"https:\/\/icarrouseljp.fr\/index.php\/wp-json\/wp\/v2\/pages\/689\/revisions"}],"predecessor-version":[{"id":811,"href":"https:\/\/icarrouseljp.fr\/index.php\/wp-json\/wp\/v2\/pages\/689\/revisions\/811"}],"wp:attachment":[{"href":"https:\/\/icarrouseljp.fr\/index.php\/wp-json\/wp\/v2\/media?parent=689"}],"curies":[{"name":"wp","href":"https:\/\/api.w.org\/{rel}","templated":true}]}}