{"id":704,"date":"2025-08-24T18:20:56","date_gmt":"2025-08-24T16:20:56","guid":{"rendered":"https:\/\/icarrouseljp.fr\/?page_id=704"},"modified":"2025-09-14T22:26:12","modified_gmt":"2025-09-14T20:26:12","slug":"art-essai","status":"publish","type":"page","link":"https:\/\/icarrouseljp.fr\/index.php\/art-essai\/","title":{"rendered":"Art &#038; Essai"},"content":{"rendered":"\n<hr class=\"wp-block-separator has-alpha-channel-opacity\"\/>\n\n\n\n<p class=\"has-text-align-center is-style-text-annotation has-contrast-color has-text-color has-background has-link-color has-large-font-size wp-elements-d1714d82f3574edcec81712e1efc35dd is-style-text-annotation--1\" style=\"background-color:#fff4e3\">Liste chronologique des diaporamas publi\u00e9s<br><em>(les titres sont les liens d&rsquo;acc\u00e8s)<\/em><\/p>\n\n\n\n<hr class=\"wp-block-separator has-alpha-channel-opacity\"\/>\n\n\n\n<div class=\"wp-block-query has-global-padding is-layout-constrained wp-block-query-is-layout-constrained\"><ul class=\"wp-block-post-template is-layout-flow wp-block-post-template-is-layout-flow\"><li class=\"wp-block-post post-864 post type-post status-publish format-standard has-post-thumbnail hentry category-art-essai category-diapo tag-experience\">\n\n<div class=\"wp-block-group is-style-section-4 has-large-font-size is-horizontal is-content-justification-space-between is-layout-flex wp-container-core-group-is-layout-f7107250 wp-block-group-is-layout-flex is-style-section-4--2\"><h2 style=\"text-decoration:line-through;\" class=\"has-link-color wp-elements-01eab14ce3bad0832c8daa6d2361753b wp-block-post-title has-large-font-size wp-container-content-9cfa9a5a\"><a href=\"https:\/\/icarrouseljp.fr\/index.php\/diapo\/ondes-de-choc\/\" target=\"_self\" >Ondes de choc<\/a><\/h2>\n\n<div class=\"has-text-align-left wp-block-post-excerpt has-medium-font-size\"><p class=\"wp-block-post-excerpt__excerpt\">Impacts de gouttes d&rsquo;eau (2&rsquo;14) <\/p><\/div>\n\n<div class=\"wp-block-post-date\"><time datetime=\"2020-02-12T17:06:00+01:00\">12 f\u00e9vrier 2020<\/time><\/div><\/div>\n\n<\/li><li class=\"wp-block-post post-905 post type-post status-publish format-standard has-post-thumbnail hentry category-art-essai category-diapo tag-societe tag-souvenir\">\n\n<div class=\"wp-block-group is-style-section-4 has-large-font-size is-horizontal is-content-justification-space-between is-layout-flex wp-container-core-group-is-layout-f7107250 wp-block-group-is-layout-flex is-style-section-4--3\"><h2 style=\"text-decoration:line-through;\" class=\"has-link-color wp-elements-01eab14ce3bad0832c8daa6d2361753b wp-block-post-title has-large-font-size wp-container-content-9cfa9a5a\"><a href=\"https:\/\/icarrouseljp.fr\/index.php\/diapo\/georges-si-tu-savais\/\" target=\"_self\" >Georges, si tu savais&#8230;<\/a><\/h2>\n\n<div class=\"has-text-align-left wp-block-post-excerpt has-medium-font-size\"><p class=\"wp-block-post-excerpt__excerpt\">Souvenirs r\u00e9activ\u00e9s par une rencontre dans le m\u00e9tro (4&rsquo;33) <\/p><\/div>\n\n<div class=\"wp-block-post-date\"><time datetime=\"2019-12-01T17:56:00+01:00\">1 d\u00e9cembre 2019<\/time><\/div><\/div>\n\n<\/li><li class=\"wp-block-post post-915 post type-post status-publish format-standard has-post-thumbnail hentry category-art-essai category-diapo tag-societe\">\n\n<div class=\"wp-block-group is-style-section-4 has-large-font-size is-horizontal is-content-justification-space-between is-layout-flex wp-container-core-group-is-layout-f7107250 wp-block-group-is-layout-flex is-style-section-4--4\"><h2 style=\"text-decoration:line-through;\" class=\"has-link-color wp-elements-01eab14ce3bad0832c8daa6d2361753b wp-block-post-title has-large-font-size wp-container-content-9cfa9a5a\"><a href=\"https:\/\/icarrouseljp.fr\/index.php\/diapo\/autos-portraits\/\" target=\"_self\" >Autos-Portraits<\/a><\/h2>\n\n<div class=\"has-text-align-left wp-block-post-excerpt has-medium-font-size\"><p class=\"wp-block-post-excerpt__excerpt\">La conqu\u00eate de l&rsquo;homme par la voiture (6&rsquo;56) <\/p><\/div>\n\n<div class=\"wp-block-post-date\"><time datetime=\"2019-09-07T21:18:00+02:00\">7 septembre 2019<\/time><\/div><\/div>\n\n<\/li><li class=\"wp-block-post post-917 post type-post status-publish format-standard has-post-thumbnail hentry category-art-essai category-diapo tag-experience\">\n\n<div class=\"wp-block-group is-style-section-4 has-large-font-size is-horizontal is-content-justification-space-between is-layout-flex wp-container-core-group-is-layout-f7107250 wp-block-group-is-layout-flex is-style-section-4--5\"><h2 style=\"text-decoration:line-through;\" class=\"has-link-color wp-elements-01eab14ce3bad0832c8daa6d2361753b wp-block-post-title has-large-font-size wp-container-content-9cfa9a5a\"><a href=\"https:\/\/icarrouseljp.fr\/index.php\/diapo\/light-painting\/\" target=\"_self\" >Light Painting<\/a><\/h2>\n\n<div class=\"has-text-align-left wp-block-post-excerpt has-medium-font-size\"><p class=\"wp-block-post-excerpt__excerpt\">A partir d&rsquo;une s\u00e9ance du club photo (1&rsquo;52) <\/p><\/div>\n\n<div class=\"wp-block-post-date\"><time datetime=\"2019-02-15T21:56:00+01:00\">15 f\u00e9vrier 2019<\/time><\/div><\/div>\n\n<\/li><li class=\"wp-block-post post-968 post type-post status-publish format-standard has-post-thumbnail hentry category-art-essai category-diapo tag-fiction\">\n\n<div class=\"wp-block-group is-style-section-4 has-large-font-size is-horizontal is-content-justification-space-between is-layout-flex wp-container-core-group-is-layout-f7107250 wp-block-group-is-layout-flex is-style-section-4--6\"><h2 style=\"text-decoration:line-through;\" class=\"has-link-color wp-elements-01eab14ce3bad0832c8daa6d2361753b wp-block-post-title has-large-font-size wp-container-content-9cfa9a5a\"><a href=\"https:\/\/icarrouseljp.fr\/index.php\/diapo\/images-et-legendes\/\" target=\"_self\" >Images et l\u00e9gendes<\/a><\/h2>\n\n<div class=\"has-text-align-left wp-block-post-excerpt has-medium-font-size\"><p class=\"wp-block-post-excerpt__excerpt\">Mais oui, des l\u00e9gendes peuvent na\u00eetre des images (4&rsquo;06) <\/p><\/div>\n\n<div class=\"wp-block-post-date\"><time datetime=\"2018-11-06T22:18:00+01:00\">6 novembre 2018<\/time><\/div><\/div>\n\n<\/li><li class=\"wp-block-post post-1029 post type-post status-publish format-standard has-post-thumbnail hentry category-art-essai category-diapo tag-fiction tag-nature\">\n\n<div class=\"wp-block-group is-style-section-4 has-large-font-size is-horizontal is-content-justification-space-between is-layout-flex wp-container-core-group-is-layout-f7107250 wp-block-group-is-layout-flex is-style-section-4--7\"><h2 style=\"text-decoration:line-through;\" class=\"has-link-color wp-elements-01eab14ce3bad0832c8daa6d2361753b wp-block-post-title has-large-font-size wp-container-content-9cfa9a5a\"><a href=\"https:\/\/icarrouseljp.fr\/index.php\/diapo\/perles-de-reve\/\" target=\"_self\" >Perles de r\u00eave<\/a><\/h2>\n\n<div class=\"has-text-align-left wp-block-post-excerpt has-medium-font-size\"><p class=\"wp-block-post-excerpt__excerpt\">Un r\u00eave \u00e9trange de fin de nuit (5&rsquo;33) <\/p><\/div>\n\n<div class=\"wp-block-post-date\"><time datetime=\"2017-10-12T22:32:00+02:00\">12 octobre 2017<\/time><\/div><\/div>\n\n<\/li><li class=\"wp-block-post post-1049 post type-post status-publish format-standard has-post-thumbnail hentry category-art-essai category-diapo tag-nature tag-societe\">\n\n<div class=\"wp-block-group is-style-section-4 has-large-font-size is-horizontal is-content-justification-space-between is-layout-flex wp-container-core-group-is-layout-f7107250 wp-block-group-is-layout-flex is-style-section-4--8\"><h2 style=\"text-decoration:line-through;\" class=\"has-link-color wp-elements-01eab14ce3bad0832c8daa6d2361753b wp-block-post-title has-large-font-size wp-container-content-9cfa9a5a\"><a href=\"https:\/\/icarrouseljp.fr\/index.php\/diapo\/paroles-darbres\/\" target=\"_self\" >Paroles d&rsquo;arbres<\/a><\/h2>\n\n<div class=\"has-text-align-left wp-block-post-excerpt has-medium-font-size\"><p class=\"wp-block-post-excerpt__excerpt\">Manifeste \u00e9cologique pour la d\u00e9fense des arbres (6&rsquo;25) <\/p><\/div>\n\n<div class=\"wp-block-post-date\"><time datetime=\"2016-05-31T16:28:00+02:00\">31 mai 2016<\/time><\/div><\/div>\n\n<\/li><li class=\"wp-block-post post-1151 post type-post status-publish format-standard has-post-thumbnail hentry category-art-essai category-diapo tag-oeuvre\">\n\n<div class=\"wp-block-group is-style-section-4 has-large-font-size is-horizontal is-content-justification-space-between is-layout-flex wp-container-core-group-is-layout-f7107250 wp-block-group-is-layout-flex is-style-section-4--9\"><h2 style=\"text-decoration:line-through;\" class=\"has-link-color wp-elements-01eab14ce3bad0832c8daa6d2361753b wp-block-post-title has-large-font-size wp-container-content-9cfa9a5a\"><a href=\"https:\/\/icarrouseljp.fr\/index.php\/diapo\/bitter-american-drink\/\" target=\"_self\" >Bitter American Drink<\/a><\/h2>\n\n<div class=\"has-text-align-left wp-block-post-excerpt has-medium-font-size\"><p class=\"wp-block-post-excerpt__excerpt\">Un peintre + un romancier + un musicien am\u00e9ricain (8&rsquo;47) <\/p><\/div>\n\n<div class=\"wp-block-post-date\"><time datetime=\"2015-02-08T16:37:00+01:00\">8 f\u00e9vrier 2015<\/time><\/div><\/div>\n\n<\/li><\/ul>\n\n<\/div>\n\n\n\n<div style=\"height:300px\" aria-hidden=\"true\" class=\"wp-block-spacer\"><\/div>\n","protected":false},"excerpt":{"rendered":"<p>Liste chronologique des diaporamas publi\u00e9s(les titres sont les liens d&rsquo;acc\u00e8s)<\/p>\n","protected":false},"author":1,"featured_media":0,"parent":0,"menu_order":0,"comment_status":"closed","ping_status":"closed","template":"art-essai","meta":{"_glsr_average":0,"_glsr_ranking":0,"_glsr_reviews":0,"footnotes":""},"class_list":["post-704","page","type-page","status-publish","hentry"],"_links":{"self":[{"href":"https:\/\/icarrouseljp.fr\/index.php\/wp-json\/wp\/v2\/pages\/704","targetHints":{"allow":["GET"]}}],"collection":[{"href":"https:\/\/icarrouseljp.fr\/index.php\/wp-json\/wp\/v2\/pages"}],"about":[{"href":"https:\/\/icarrouseljp.fr\/index.php\/wp-json\/wp\/v2\/types\/page"}],"author":[{"embeddable":true,"href":"https:\/\/icarrouseljp.fr\/index.php\/wp-json\/wp\/v2\/users\/1"}],"replies":[{"embeddable":true,"href":"https:\/\/icarrouseljp.fr\/index.php\/wp-json\/wp\/v2\/comments?post=704"}],"version-history":[{"count":3,"href":"https:\/\/icarrouseljp.fr\/index.php\/wp-json\/wp\/v2\/pages\/704\/revisions"}],"predecessor-version":[{"id":1201,"href":"https:\/\/icarrouseljp.fr\/index.php\/wp-json\/wp\/v2\/pages\/704\/revisions\/1201"}],"wp:attachment":[{"href":"https:\/\/icarrouseljp.fr\/index.php\/wp-json\/wp\/v2\/media?parent=704"}],"curies":[{"name":"wp","href":"https:\/\/api.w.org\/{rel}","templated":true}]}}